{"id":2,"date":"2024-06-04T21:23:12","date_gmt":"2024-06-04T19:23:12","guid":{"rendered":"https:\/\/www.dulasestonedelia.sk\/?page_id=2"},"modified":"2024-06-27T04:20:58","modified_gmt":"2024-06-27T02:20:58","slug":"https-www-poporodnadula-sk-kto-je-pop%c3%b4rodn%c3%a1-dula","status":"publish","type":"page","link":"https:\/\/www.dulasestonedelia.sk\/","title":{"rendered":"Dovo\u013e mi sa o Teba postara\u0165"},"content":{"rendered":"\n<p>Myst\u00e9rium zrodu \u017eivota je fascinuj\u00faca a nikdy nevy\u010derpate\u013en\u00e1 t\u00e9ma, s ktorou som pri\u0161la d\u00f4sledne do styku po\u010das mojich tehotenstiev.&nbsp; Ako pop\u00f4rodn\u00e1 dula, dvojn\u00e1sobn\u00e1 mama a lektorka TEHUJOGY sa stret\u00e1vam s mami\u010dkami u\u017e v tehotenstve a so starostlivos\u0165ou pokra\u010dujem v \u0161estonedel\u00ed.<\/p>\n\n\n\n<p>Venujem sa tie\u017e shiatsu mas\u00e1\u017ei, spevu, milujem pohyb, trad\u00edcie, fascinuje ma ako sa rodilo kedysi, a ako sa rod\u00ed dnes. Mojou t\u00fa\u017ebou je, aby \u010do najviac \u017eien za\u017eilo prechod do materstva plynulo, l\u00e1skavo a bez ak\u00e9hoko\u013evek zbyto\u010dn\u00e9ho stresu. K tejto ceste ma priviedla aj Tehujoga, pri ktorej som odha\u013eovala, ako funk\u010dne pripravi\u0165 telo, ale aj myse\u013e, na p\u00f4rodn\u00fd proces. Tehujoga nie je len cvi\u010denie, je to ment\u00e1lne nastavenie. Pop\u00f4rodn\u00e9 obdobie m\u00f4\u017ee by\u0165 najkraj\u0161ie, ale aj naj\u0165a\u017e\u0161ie obdobie v \u017eivote \u017eeny, ktor\u00e9 trv\u00e1 od p\u00f4rodu a\u017e do konca \u017eivota. St\u00e1vame sa matkami u\u017e nav\u017edy, tak si doprajme stara\u0165 sa o seba s l\u00e1skou. Mojou v\u00edziou je pom\u00f4c\u0165 matke c\u00edti\u0165 sa istej\u0161ie v novej role, ako aj celej rodine pri prechode do \u017eivota s novorodencom.<\/p>\n\n\n\n<p>Ak sa chcete dozvedie\u0165 viac o tom, \u010do pop\u00f4rodn\u00e1 dula rob\u00ed, tak tu je to pekne <a href=\"https:\/\/www.poporodnadula.sk\/kto-je-pop%C3%B4rodn%C3%A1-dula\">op\u00edsan\u00e9<\/a>&#8230;<\/p>\n\n\n\n<div class=\"wp-block-cover alignfull is-light has-parallax has-medium-font-size wp-duotone-magenta-yellow\" style=\"padding-top:0;padding-bottom:0;min-height:800px;aspect-ratio:unset;\"><span aria-hidden=\"true\" class=\"wp-block-cover__background has-background-dim-60 has-background-dim\" style=\"background-color:#f1d2d2\"><\/span><div role=\"img\" aria-label=\"dulasestonedelia logo\" class=\"wp-block-cover__image-background wp-image-23 has-parallax\" style=\"background-position:50% 50%;background-image:url(https:\/\/www.dulasestonedelia.sk\/wp-content\/uploads\/2024\/06\/cropped-a0c60ae8-32db-4f2b-8add-a44e8b8b1114.jpeg)\"><\/div><div class=\"wp-block-cover__inner-container is-layout-flow wp-block-cover-is-layout-flow\">\n<p class=\"has-text-align-center has-large-font-size\">Dovo\u013e mi sa o Teba postara\u0165<\/p>\n\n\n\n<p>Ako pop\u00f4rodn\u00e1 dula \u0165a rada prevediem nielen pr\u00edpravou na \u0161estonedelia, ale aj na p\u00f4rod, preto\u017ee \u00fazko s\u00favisia:<\/p>\n\n\n\n<ul>\n<li><strong>teoretick\u00e1 pr\u00edprava (tehotenstva, p\u00f4rodu, \u0161estonedelia)<\/strong><\/li>\n\n\n\n<li><strong>fyzick\u00e1 pr\u00edprava (Tehujoga &#8211; predp\u00f4rodn\u00e9 \/ pop\u00f4rodn\u00e9 funk\u010dn\u00e9 cvi\u010denie)<\/strong><\/li>\n\n\n\n<li><strong>ment\u00e1lna pr\u00edprava (predp\u00f4rodn\u00fd ritu\u00e1l, ujasnenie svojich potrieb)<\/strong><\/li>\n\n\n\n<li><strong>shiatsu mas\u00e1\u017e<\/strong><\/li>\n\n\n\n<li><strong>bylinn\u00e1 n\u00e1parka<\/strong><\/li>\n\n\n\n<li><strong>rebozo mas\u00e1\u017e<\/strong><\/li>\n\n\n\n<li><strong>n\u00e1v\u0161tevy v \u0161estonedel\u00ed &#8211; pod\u013ea potreby<\/strong><\/li>\n\n\n\n<li><strong>podpora doj\u010denia, varenie (m\u0148am recepty), upratovanie, manipul\u00e1cia b\u00e1b\u00e4tka, \u0161atkovanie\/nosenie, o\u0161etrenie pop\u00f4rodnej jazvy, uzatvorenie p\u00f4rodn\u00e9ho pr\u00edbehu &#8211; cerrada ritu\u00e1l, prepojenie s lok\u00e1lnymi podporn\u00fdmi skupinami)<\/strong><\/li>\n<\/ul>\n\n\n\n<p><strong>\u2026toto v\u0161etko, aby tvoje \u0161estonedelia bolo l\u00e1skav\u00e9, posil\u0148uj\u00face a vn\u00edmav\u00e9 k n\u00e1jdeniu zdroja materskej sily.<\/strong><\/p>\n<\/div><\/div>\n","protected":false},"excerpt":{"rendered":"<p>Myst\u00e9rium zrodu \u017eivota je fascinuj\u00faca a nikdy nevy\u010derpate\u013en\u00e1 t\u00e9ma, s ktorou som pri\u0161la d\u00f4sledne do styku po\u010das mojich tehotenstiev.&nbsp; Ako pop\u00f4rodn\u00e1 dula, dvojn\u00e1sobn\u00e1 mama a lektorka TEHUJOGY sa stret\u00e1vam s mami\u010dkami u\u017e v tehotenstve a so starostlivos\u0165ou pokra\u010dujem v \u0161estonedel\u00ed. Venujem sa tie\u017e shiatsu mas\u00e1\u017ei, spevu, milujem pohyb, trad\u00edcie, fascinuje ma ako sa rodilo kedysi, [&hellip;]<\/p>\n","protected":false},"author":1,"featured_media":50,"parent":0,"menu_order":1,"comment_status":"closed","ping_status":"closed","template":"","meta":{"_monsterinsights_skip_tracking":false,"_monsterinsights_sitenote_active":false,"_monsterinsights_sitenote_note":"","_monsterinsights_sitenote_category":0,"footnotes":""},"yoast_head":"<!-- This site is optimized with the Yoast SEO plugin v22.8 - https:\/\/yoast.com\/wordpress\/plugins\/seo\/ -->\n<title>Dula \u0160estonedelia<\/title>\n<meta name=\"description\" content=\"Ako pop\u00f4rodn\u00e1 dula \u0165a rada prevediem nielen pr\u00edpravou na \u0161estonedelia, ale aj na p\u00f4rod.\" \/>\n<meta name=\"robots\" content=\"index, follow, max-snippet:-1, max-image-preview:large, max-video-preview:-1\" \/>\n<link rel=\"canonical\" href=\"https:\/\/www.dulasestonedelia.sk\/\" \/>\n<meta property=\"og:locale\" content=\"sk_SK\" \/>\n<meta property=\"og:type\" content=\"article\" \/>\n<meta property=\"og:title\" content=\"Dula \u0160estonedelia\" \/>\n<meta property=\"og:description\" content=\"Ako pop\u00f4rodn\u00e1 dula \u0165a rada prevediem nielen pr\u00edpravou na \u0161estonedelia, ale aj na p\u00f4rod.\" \/>\n<meta property=\"og:url\" content=\"https:\/\/www.dulasestonedelia.sk\/\" \/>\n<meta property=\"og:site_name\" content=\"Dula \u0160estonedelia\" \/>\n<meta property=\"article:modified_time\" content=\"2024-06-27T02:20:58+00:00\" \/>\n<meta property=\"og:image\" content=\"https:\/\/www.dulasestonedelia.sk\/wp-content\/uploads\/2024\/06\/IMG_20231109_020508_330-scaled.jpg\" \/>\n\t<meta property=\"og:image:width\" content=\"2560\" \/>\n\t<meta property=\"og:image:height\" content=\"2560\" \/>\n\t<meta property=\"og:image:type\" content=\"image\/jpeg\" \/>\n<meta name=\"twitter:card\" content=\"summary_large_image\" \/>\n<meta name=\"twitter:label1\" content=\"Predpokladan\u00fd \u010das \u010d\u00edtania\" \/>\n\t<meta name=\"twitter:data1\" content=\"2 min\u00faty\" \/>\n<script type=\"application\/ld+json\" class=\"yoast-schema-graph\">{\"@context\":\"https:\/\/schema.org\",\"@graph\":[{\"@type\":\"WebPage\",\"@id\":\"https:\/\/www.dulasestonedelia.sk\/\",\"url\":\"https:\/\/www.dulasestonedelia.sk\/\",\"name\":\"Dula \u0160estonedelia\",\"isPartOf\":{\"@id\":\"https:\/\/www.dulasestonedelia.sk\/#website\"},\"primaryImageOfPage\":{\"@id\":\"https:\/\/www.dulasestonedelia.sk\/#primaryimage\"},\"image\":{\"@id\":\"https:\/\/www.dulasestonedelia.sk\/#primaryimage\"},\"thumbnailUrl\":\"https:\/\/www.dulasestonedelia.sk\/wp-content\/uploads\/2024\/06\/IMG_20231109_020508_330-scaled.jpg\",\"datePublished\":\"2024-06-04T19:23:12+00:00\",\"dateModified\":\"2024-06-27T02:20:58+00:00\",\"description\":\"Ako pop\u00f4rodn\u00e1 dula \u0165a rada prevediem nielen pr\u00edpravou na \u0161estonedelia, ale aj na p\u00f4rod.\",\"breadcrumb\":{\"@id\":\"https:\/\/www.dulasestonedelia.sk\/#breadcrumb\"},\"inLanguage\":\"sk-SK\",\"potentialAction\":[{\"@type\":\"ReadAction\",\"target\":[\"https:\/\/www.dulasestonedelia.sk\/\"]}]},{\"@type\":\"ImageObject\",\"inLanguage\":\"sk-SK\",\"@id\":\"https:\/\/www.dulasestonedelia.sk\/#primaryimage\",\"url\":\"https:\/\/www.dulasestonedelia.sk\/wp-content\/uploads\/2024\/06\/IMG_20231109_020508_330-scaled.jpg\",\"contentUrl\":\"https:\/\/www.dulasestonedelia.sk\/wp-content\/uploads\/2024\/06\/IMG_20231109_020508_330-scaled.jpg\",\"width\":2560,\"height\":2560,\"caption\":\"Katarina Krnacova\"},{\"@type\":\"BreadcrumbList\",\"@id\":\"https:\/\/www.dulasestonedelia.sk\/#breadcrumb\",\"itemListElement\":[{\"@type\":\"ListItem\",\"position\":1,\"name\":\"Home\",\"item\":\"https:\/\/www.dulasestonedelia.sk\/\"},{\"@type\":\"ListItem\",\"position\":2,\"name\":\"Dovo\u013e mi sa o Teba postara\u0165\"}]},{\"@type\":\"WebSite\",\"@id\":\"https:\/\/www.dulasestonedelia.sk\/#website\",\"url\":\"https:\/\/www.dulasestonedelia.sk\/\",\"name\":\"Dula \u0160estonedelia\",\"description\":\"Dovo\u013e mi sa o Teba postara\u0165\",\"publisher\":{\"@id\":\"https:\/\/www.dulasestonedelia.sk\/#organization\"},\"potentialAction\":[{\"@type\":\"SearchAction\",\"target\":{\"@type\":\"EntryPoint\",\"urlTemplate\":\"https:\/\/www.dulasestonedelia.sk\/?s={search_term_string}\"},\"query-input\":\"required name=search_term_string\"}],\"inLanguage\":\"sk-SK\"},{\"@type\":\"Organization\",\"@id\":\"https:\/\/www.dulasestonedelia.sk\/#organization\",\"name\":\"Dula \u0160estonedelia\",\"url\":\"https:\/\/www.dulasestonedelia.sk\/\",\"logo\":{\"@type\":\"ImageObject\",\"inLanguage\":\"sk-SK\",\"@id\":\"https:\/\/www.dulasestonedelia.sk\/#\/schema\/logo\/image\/\",\"url\":\"https:\/\/www.dulasestonedelia.sk\/wp-content\/uploads\/2024\/06\/cropped-a0c60ae8-32db-4f2b-8add-a44e8b8b1114.jpeg\",\"contentUrl\":\"https:\/\/www.dulasestonedelia.sk\/wp-content\/uploads\/2024\/06\/cropped-a0c60ae8-32db-4f2b-8add-a44e8b8b1114.jpeg\",\"width\":512,\"height\":512,\"caption\":\"Dula \u0160estonedelia\"},\"image\":{\"@id\":\"https:\/\/www.dulasestonedelia.sk\/#\/schema\/logo\/image\/\"}}]}<\/script>\n<!-- \/ Yoast SEO plugin. -->","yoast_head_json":{"title":"Dula \u0160estonedelia","description":"Ako pop\u00f4rodn\u00e1 dula \u0165a rada prevediem nielen pr\u00edpravou na \u0161estonedelia, ale aj na p\u00f4rod.","robots":{"index":"index","follow":"follow","max-snippet":"max-snippet:-1","max-image-preview":"max-image-preview:large","max-video-preview":"max-video-preview:-1"},"canonical":"https:\/\/www.dulasestonedelia.sk\/","og_locale":"sk_SK","og_type":"article","og_title":"Dula \u0160estonedelia","og_description":"Ako pop\u00f4rodn\u00e1 dula \u0165a rada prevediem nielen pr\u00edpravou na \u0161estonedelia, ale aj na p\u00f4rod.","og_url":"https:\/\/www.dulasestonedelia.sk\/","og_site_name":"Dula \u0160estonedelia","article_modified_time":"2024-06-27T02:20:58+00:00","og_image":[{"width":2560,"height":2560,"url":"https:\/\/www.dulasestonedelia.sk\/wp-content\/uploads\/2024\/06\/IMG_20231109_020508_330-scaled.jpg","type":"image\/jpeg"}],"twitter_card":"summary_large_image","twitter_misc":{"Predpokladan\u00fd \u010das \u010d\u00edtania":"2 min\u00faty"},"schema":{"@context":"https:\/\/schema.org","@graph":[{"@type":"WebPage","@id":"https:\/\/www.dulasestonedelia.sk\/","url":"https:\/\/www.dulasestonedelia.sk\/","name":"Dula \u0160estonedelia","isPartOf":{"@id":"https:\/\/www.dulasestonedelia.sk\/#website"},"primaryImageOfPage":{"@id":"https:\/\/www.dulasestonedelia.sk\/#primaryimage"},"image":{"@id":"https:\/\/www.dulasestonedelia.sk\/#primaryimage"},"thumbnailUrl":"https:\/\/www.dulasestonedelia.sk\/wp-content\/uploads\/2024\/06\/IMG_20231109_020508_330-scaled.jpg","datePublished":"2024-06-04T19:23:12+00:00","dateModified":"2024-06-27T02:20:58+00:00","description":"Ako pop\u00f4rodn\u00e1 dula \u0165a rada prevediem nielen pr\u00edpravou na \u0161estonedelia, ale aj na p\u00f4rod.","breadcrumb":{"@id":"https:\/\/www.dulasestonedelia.sk\/#breadcrumb"},"inLanguage":"sk-SK","potentialAction":[{"@type":"ReadAction","target":["https:\/\/www.dulasestonedelia.sk\/"]}]},{"@type":"ImageObject","inLanguage":"sk-SK","@id":"https:\/\/www.dulasestonedelia.sk\/#primaryimage","url":"https:\/\/www.dulasestonedelia.sk\/wp-content\/uploads\/2024\/06\/IMG_20231109_020508_330-scaled.jpg","contentUrl":"https:\/\/www.dulasestonedelia.sk\/wp-content\/uploads\/2024\/06\/IMG_20231109_020508_330-scaled.jpg","width":2560,"height":2560,"caption":"Katarina Krnacova"},{"@type":"BreadcrumbList","@id":"https:\/\/www.dulasestonedelia.sk\/#breadcrumb","itemListElement":[{"@type":"ListItem","position":1,"name":"Home","item":"https:\/\/www.dulasestonedelia.sk\/"},{"@type":"ListItem","position":2,"name":"Dovo\u013e mi sa o Teba postara\u0165"}]},{"@type":"WebSite","@id":"https:\/\/www.dulasestonedelia.sk\/#website","url":"https:\/\/www.dulasestonedelia.sk\/","name":"Dula \u0160estonedelia","description":"Dovo\u013e mi sa o Teba postara\u0165","publisher":{"@id":"https:\/\/www.dulasestonedelia.sk\/#organization"},"potentialAction":[{"@type":"SearchAction","target":{"@type":"EntryPoint","urlTemplate":"https:\/\/www.dulasestonedelia.sk\/?s={search_term_string}"},"query-input":"required name=search_term_string"}],"inLanguage":"sk-SK"},{"@type":"Organization","@id":"https:\/\/www.dulasestonedelia.sk\/#organization","name":"Dula \u0160estonedelia","url":"https:\/\/www.dulasestonedelia.sk\/","logo":{"@type":"ImageObject","inLanguage":"sk-SK","@id":"https:\/\/www.dulasestonedelia.sk\/#\/schema\/logo\/image\/","url":"https:\/\/www.dulasestonedelia.sk\/wp-content\/uploads\/2024\/06\/cropped-a0c60ae8-32db-4f2b-8add-a44e8b8b1114.jpeg","contentUrl":"https:\/\/www.dulasestonedelia.sk\/wp-content\/uploads\/2024\/06\/cropped-a0c60ae8-32db-4f2b-8add-a44e8b8b1114.jpeg","width":512,"height":512,"caption":"Dula \u0160estonedelia"},"image":{"@id":"https:\/\/www.dulasestonedelia.sk\/#\/schema\/logo\/image\/"}}]}},"_links":{"self":[{"href":"https:\/\/www.dulasestonedelia.sk\/index.php?rest_route=\/wp\/v2\/pages\/2"}],"collection":[{"href":"https:\/\/www.dulasestonedelia.sk\/index.php?rest_route=\/wp\/v2\/pages"}],"about":[{"href":"https:\/\/www.dulasestonedelia.sk\/index.php?rest_route=\/wp\/v2\/types\/page"}],"author":[{"embeddable":true,"href":"https:\/\/www.dulasestonedelia.sk\/index.php?rest_route=\/wp\/v2\/users\/1"}],"replies":[{"embeddable":true,"href":"https:\/\/www.dulasestonedelia.sk\/index.php?rest_route=%2Fwp%2Fv2%2Fcomments&post=2"}],"version-history":[{"count":6,"href":"https:\/\/www.dulasestonedelia.sk\/index.php?rest_route=\/wp\/v2\/pages\/2\/revisions"}],"predecessor-version":[{"id":75,"href":"https:\/\/www.dulasestonedelia.sk\/index.php?rest_route=\/wp\/v2\/pages\/2\/revisions\/75"}],"wp:featuredmedia":[{"embeddable":true,"href":"https:\/\/www.dulasestonedelia.sk\/index.php?rest_route=\/wp\/v2\/media\/50"}],"wp:attachment":[{"href":"https:\/\/www.dulasestonedelia.sk\/index.php?rest_route=%2Fwp%2Fv2%2Fmedia&parent=2"}],"curies":[{"name":"wp","href":"https:\/\/api.w.org\/{rel}","templated":true}]}}